{"id":4805,"date":"2023-04-07T10:22:21","date_gmt":"2023-04-07T10:22:21","guid":{"rendered":"https:\/\/synastry.qodeinteractive.com\/?post_type=product&#038;p=4805"},"modified":"2026-03-04T20:25:42","modified_gmt":"2026-03-04T20:25:42","slug":"minuten-buchen","status":"publish","type":"product","link":"https:\/\/wahrsager-blaz.com\/sk\/product\/minuten-buchen\/","title":{"rendered":"30 min\u00fat s\u00fakromn\u00e9 Ve\u0161tenie s Blaz"},"content":{"rendered":"<div data-elementor-type=\"wp-post\" data-elementor-id=\"4805\" class=\"elementor elementor-4805\">\n\t\t\t\t\t\t<section class=\"elementor-section elementor-top-section elementor-element elementor-element-e0cfb29 elementor-section-full_width elementor-section-height-default elementor-section-height-default\" data-id=\"e0cfb29\" data-element_type=\"section\" data-e-type=\"section\">\n\t\t\t\t\t\t<div class=\"elementor-container elementor-column-gap-default\">\n\t\t\t\t\t<div class=\"elementor-column elementor-col-50 elementor-top-column elementor-element elementor-element-dcc5120\" data-id=\"dcc5120\" data-element_type=\"column\" data-e-type=\"column\">\n\t\t\t<div class=\"elementor-widget-wrap elementor-element-populated\">\n\t\t\t\t\t\t<div class=\"elementor-element elementor-element-c5956bf elementor-widget-tablet__width-initial elementor-widget-mobile__width-inherit elementor-widget__width-initial elementor-widget elementor-widget-synastry_core_section_title\" data-id=\"c5956bf\" data-element_type=\"widget\" data-e-type=\"widget\" data-widget_type=\"synastry_core_section_title.default\">\n\t\t\t\t<div class=\"elementor-widget-container\">\n\t\t\t\t\t<div class=\"qodef-shortcode qodef-m  qodef-section-title qodef-alignment--left\">\n\t\t<h6 class=\"qodef-m-title\" >\n\t\t\t\t\tVe\u0161tec Bla\u017e \t\t\t<\/h6>\n\t\t<p class=\"qodef-m-subtitle\" style=\"margin-top: 25px\">Rezervujte si min\u00fat pre osobn\u00e9 konzult\u00e1cie na telef\u00f3ne.<\/p>\n<\/div>\n\t\t\t\t<\/div>\n\t\t\t\t<\/div>\n\t\t\t\t<div class=\"elementor-element elementor-element-0b36082 elementor-widget elementor-widget-synastry_core_icon_list_item\" data-id=\"0b36082\" data-element_type=\"widget\" data-e-type=\"widget\" data-widget_type=\"synastry_core_icon_list_item.default\">\n\t\t\t\t<div class=\"elementor-widget-container\">\n\t\t\t\t\t<div class=\"qodef-icon-list-item qodef-icon--predefined\" >\n\t<span class=\"qodef-e-title\" >\n\t\t\t\t\t<span class=\"qodef-e-title-inner\">\n\t\t\t\t\t<span class=\"qodef-m-icon-wrapper\">\n\t\t<svg class=\"qodef-svg--btn-icon\" xmlns=\"http:\/\/www.w3.org\/2000\/svg\" width=\"12\" height=\"16\"><path d=\"M11.853 8.22a8.725 8.725 0 0 1-3.738-1.738c-1.119-1.122-1.7-4.435-2-6.312a.19.19 0 0 0-.379.005c-.264 1.924-.845 5.4-2.121 6.584A7.965 7.965 0 0 1 .147 8.252a.208.208 0 0 0 0 .4 8.083 8.083 0 0 1 3.86 1.946c.957 1.047 1.448 3.625 1.7 5.232a.19.19 0 0 0 .379-.005c.232-1.6.7-4.177 1.637-5.227a8.114 8.114 0 0 1 4.121-1.978.208.208 0 0 0 .009-.4Z\" fill=\"currentColor\"\/><\/svg>\t<\/span>\n\t\t\t\t\t<span class=\"qodef-e-title-text\">Zavol\u00e1m ti v ten ist\u00fd de\u0148 \u2013 r\u00fdchlo &amp; diskr\u00e9tne<\/span>\n\t\t\t<\/span>\n\t\t\t<\/span>\n<\/div>\n\t\t\t\t<\/div>\n\t\t\t\t<\/div>\n\t\t\t\t<div class=\"elementor-element elementor-element-91178cb elementor-widget elementor-widget-synastry_core_icon_list_item\" data-id=\"91178cb\" data-element_type=\"widget\" data-e-type=\"widget\" data-widget_type=\"synastry_core_icon_list_item.default\">\n\t\t\t\t<div class=\"elementor-widget-container\">\n\t\t\t\t\t<div class=\"qodef-icon-list-item qodef-icon--predefined\" >\n\t<span class=\"qodef-e-title\" >\n\t\t\t\t\t<span class=\"qodef-e-title-inner\">\n\t\t\t\t\t<span class=\"qodef-m-icon-wrapper\">\n\t\t<svg class=\"qodef-svg--btn-icon\" xmlns=\"http:\/\/www.w3.org\/2000\/svg\" width=\"12\" height=\"16\"><path d=\"M11.853 8.22a8.725 8.725 0 0 1-3.738-1.738c-1.119-1.122-1.7-4.435-2-6.312a.19.19 0 0 0-.379.005c-.264 1.924-.845 5.4-2.121 6.584A7.965 7.965 0 0 1 .147 8.252a.208.208 0 0 0 0 .4 8.083 8.083 0 0 1 3.86 1.946c.957 1.047 1.448 3.625 1.7 5.232a.19.19 0 0 0 .379-.005c.232-1.6.7-4.177 1.637-5.227a8.114 8.114 0 0 1 4.121-1.978.208.208 0 0 0 .009-.4Z\" fill=\"currentColor\"\/><\/svg>\t<\/span>\n\t\t\t\t\t<span class=\"qodef-e-title-text\"> Budem odpoveda\u0165 na va\u0161e ot\u00e1zky o l\u00e1ske, zdravie,peniaze a vz\u0165ahy<\/span>\n\t\t\t<\/span>\n\t\t\t<\/span>\n<\/div>\n\t\t\t\t<\/div>\n\t\t\t\t<\/div>\n\t\t\t\t<div class=\"elementor-element elementor-element-d948a68 elementor-widget elementor-widget-synastry_core_icon_list_item\" data-id=\"d948a68\" data-element_type=\"widget\" data-e-type=\"widget\" data-widget_type=\"synastry_core_icon_list_item.default\">\n\t\t\t\t<div class=\"elementor-widget-container\">\n\t\t\t\t\t<div class=\"qodef-icon-list-item qodef-icon--predefined\" >\n\t<span class=\"qodef-e-title\" >\n\t\t\t\t\t<span class=\"qodef-e-title-inner\">\n\t\t\t\t\t<span class=\"qodef-m-icon-wrapper\">\n\t\t<svg class=\"qodef-svg--btn-icon\" xmlns=\"http:\/\/www.w3.org\/2000\/svg\" width=\"12\" height=\"16\"><path d=\"M11.853 8.22a8.725 8.725 0 0 1-3.738-1.738c-1.119-1.122-1.7-4.435-2-6.312a.19.19 0 0 0-.379.005c-.264 1.924-.845 5.4-2.121 6.584A7.965 7.965 0 0 1 .147 8.252a.208.208 0 0 0 0 .4 8.083 8.083 0 0 1 3.86 1.946c.957 1.047 1.448 3.625 1.7 5.232a.19.19 0 0 0 .379-.005c.232-1.6.7-4.177 1.637-5.227a8.114 8.114 0 0 1 4.121-1.978.208.208 0 0 0 .009-.4Z\" fill=\"currentColor\"\/><\/svg>\t<\/span>\n\t\t\t\t\t<span class=\"qodef-e-title-text\">Ja v\u00e1m pom\u00f4\u017eu n\u00e1js\u0165 jasnos\u0165 a robi\u0165 lep\u0161ie rozhodnutia<\/span>\n\t\t\t<\/span>\n\t\t\t<\/span>\n<\/div>\n\t\t\t\t<\/div>\n\t\t\t\t<\/div>\n\t\t\t\t<div class=\"elementor-element elementor-element-1d2fa35 elementor-widget elementor-widget-synastry_core_icon_list_item\" data-id=\"1d2fa35\" data-element_type=\"widget\" data-e-type=\"widget\" data-widget_type=\"synastry_core_icon_list_item.default\">\n\t\t\t\t<div class=\"elementor-widget-container\">\n\t\t\t\t\t<div class=\"qodef-icon-list-item qodef-icon--predefined\" >\n\t<span class=\"qodef-e-title\" >\n\t\t\t\t\t<span class=\"qodef-e-title-inner\">\n\t\t\t\t\t<span class=\"qodef-m-icon-wrapper\">\n\t\t<svg class=\"qodef-svg--btn-icon\" xmlns=\"http:\/\/www.w3.org\/2000\/svg\" width=\"12\" height=\"16\"><path d=\"M11.853 8.22a8.725 8.725 0 0 1-3.738-1.738c-1.119-1.122-1.7-4.435-2-6.312a.19.19 0 0 0-.379.005c-.264 1.924-.845 5.4-2.121 6.584A7.965 7.965 0 0 1 .147 8.252a.208.208 0 0 0 0 .4 8.083 8.083 0 0 1 3.86 1.946c.957 1.047 1.448 3.625 1.7 5.232a.19.19 0 0 0 .379-.005c.232-1.6.7-4.177 1.637-5.227a8.114 8.114 0 0 1 4.121-1.978.208.208 0 0 0 .009-.4Z\" fill=\"currentColor\"\/><\/svg>\t<\/span>\n\t\t\t\t\t<span class=\"qodef-e-title-text\">M\u00f4\u017eete sa op\u00fdta\u0165 na viacer\u00e9 ot\u00e1zky, ktor\u00e9 v r\u00e1mci rezervovali \u010das<\/span>\n\t\t\t<\/span>\n\t\t\t<\/span>\n<\/div>\n\t\t\t\t<\/div>\n\t\t\t\t<\/div>\n\t\t\t\t<div class=\"elementor-element elementor-element-c3990d4 elementor-widget elementor-widget-synastry_core_icon_list_item\" data-id=\"c3990d4\" data-element_type=\"widget\" data-e-type=\"widget\" data-widget_type=\"synastry_core_icon_list_item.default\">\n\t\t\t\t<div class=\"elementor-widget-container\">\n\t\t\t\t\t<div class=\"qodef-icon-list-item qodef-icon--predefined\" >\n\t<span class=\"qodef-e-title\" >\n\t\t\t\t\t<span class=\"qodef-e-title-inner\">\n\t\t\t\t\t<span class=\"qodef-m-icon-wrapper\">\n\t\t<svg class=\"qodef-svg--btn-icon\" xmlns=\"http:\/\/www.w3.org\/2000\/svg\" width=\"12\" height=\"16\"><path d=\"M11.853 8.22a8.725 8.725 0 0 1-3.738-1.738c-1.119-1.122-1.7-4.435-2-6.312a.19.19 0 0 0-.379.005c-.264 1.924-.845 5.4-2.121 6.584A7.965 7.965 0 0 1 .147 8.252a.208.208 0 0 0 0 .4 8.083 8.083 0 0 1 3.86 1.946c.957 1.047 1.448 3.625 1.7 5.232a.19.19 0 0 0 .379-.005c.232-1.6.7-4.177 1.637-5.227a8.114 8.114 0 0 1 4.121-1.978.208.208 0 0 0 .009-.4Z\" fill=\"currentColor\"\/><\/svg>\t<\/span>\n\t\t\t\t\t<span class=\"qodef-e-title-text\">Viac ako 20 rokov praxe a tis\u00edcky spokojn\u00fdch klientov verte mi<\/span>\n\t\t\t<\/span>\n\t\t\t<\/span>\n<\/div>\n\t\t\t\t<\/div>\n\t\t\t\t<\/div>\n\t\t\t\t\t<\/div>\n\t\t<\/div>\n\t\t\t\t<div class=\"elementor-column elementor-col-50 elementor-top-column elementor-element elementor-element-b4da75f\" data-id=\"b4da75f\" data-element_type=\"column\" data-e-type=\"column\">\n\t\t\t<div class=\"elementor-widget-wrap elementor-element-populated\">\n\t\t\t\t\t\t<div class=\"elementor-element elementor-element-f41a593 elementor-widget__width-initial elementor-widget elementor-widget-synastry_core_single_image\" data-id=\"f41a593\" data-element_type=\"widget\" data-e-type=\"widget\" data-widget_type=\"synastry_core_single_image.default\">\n\t\t\t\t<div class=\"elementor-widget-container\">\n\t\t\t\t\t<div class=\"qodef-shortcode qodef-m  qodef-single-image qodef-layout--default\">\n\t\t\t<div class=\"qodef-m-image\">\n\t\t\t\t\t\t\t\t<img fetchpriority=\"high\" decoding=\"async\" width=\"1080\" height=\"566\" src=\"https:\/\/wahrsager-blaz.com\/wp-content\/uploads\/2025\/03\/Izdelek-brez-naslova-15.png\" class=\"attachment-full size-full\" alt=\"\" srcset=\"https:\/\/wahrsager-blaz.com\/wp-content\/uploads\/2025\/03\/Izdelek-brez-naslova-15.png 1080w, https:\/\/wahrsager-blaz.com\/wp-content\/uploads\/2025\/03\/Izdelek-brez-naslova-15-300x157.png 300w, https:\/\/wahrsager-blaz.com\/wp-content\/uploads\/2025\/03\/Izdelek-brez-naslova-15-1024x537.png 1024w, https:\/\/wahrsager-blaz.com\/wp-content\/uploads\/2025\/03\/Izdelek-brez-naslova-15-768x402.png 768w, https:\/\/wahrsager-blaz.com\/wp-content\/uploads\/2025\/03\/Izdelek-brez-naslova-15-600x314.png 600w\" sizes=\"(max-width: 1080px) 100vw, 1080px\" \/>\t\t\t\t\t\t\t<\/div>\n\t<\/div>\n\t\t\t\t<\/div>\n\t\t\t\t<\/div>\n\t\t\t\t\t<\/div>\n\t\t<\/div>\n\t\t\t\t\t<\/div>\n\t\t<\/section>\n\t\t\t\t<\/div>","protected":false},"excerpt":{"rendered":"<p>30 min\u00fat osobn\u00e9 poradenstvo na telef\u00f3ne<\/p>\n<p>R\u00fdchle, jasn\u00e9 odpovede na va\u0161e ot\u00e1zky<\/p>\n<p>Hlb\u0161\u00ed poh\u013ead do l\u00e1ska, zdravie a financie<\/p>\n<p>Odhali\u0165 pravdu o svojho Partnera a v\u00e1\u0161 vz\u0165ah<\/p>\n<p>Diskr\u00e9tne, osobn\u00e9 a d\u00f4veryhodn\u00e9<\/p>","protected":false},"featured_media":10185,"comment_status":"open","ping_status":"closed","template":"","meta":[],"product_brand":[],"product_cat":[84],"product_tag":[79,78,80],"class_list":{"0":"post-4805","1":"product","2":"type-product","3":"status-publish","4":"has-post-thumbnail","6":"product_cat-verfugbar","7":"product_tag-tarot","8":"product_tag-wahrsagen","9":"product_tag-zukunft","11":"first","12":"instock","13":"sale","14":"shipping-taxable","15":"purchasable","16":"product-type-simple"},"aioseo_notices":[],"_links":{"self":[{"href":"https:\/\/wahrsager-blaz.com\/sk\/wp-json\/wp\/v2\/product\/4805","targetHints":{"allow":["GET"]}}],"collection":[{"href":"https:\/\/wahrsager-blaz.com\/sk\/wp-json\/wp\/v2\/product"}],"about":[{"href":"https:\/\/wahrsager-blaz.com\/sk\/wp-json\/wp\/v2\/types\/product"}],"replies":[{"embeddable":true,"href":"https:\/\/wahrsager-blaz.com\/sk\/wp-json\/wp\/v2\/comments?post=4805"}],"version-history":[{"count":9,"href":"https:\/\/wahrsager-blaz.com\/sk\/wp-json\/wp\/v2\/product\/4805\/revisions"}],"predecessor-version":[{"id":10335,"href":"https:\/\/wahrsager-blaz.com\/sk\/wp-json\/wp\/v2\/product\/4805\/revisions\/10335"}],"wp:featuredmedia":[{"embeddable":true,"href":"https:\/\/wahrsager-blaz.com\/sk\/wp-json\/wp\/v2\/media\/10185"}],"wp:attachment":[{"href":"https:\/\/wahrsager-blaz.com\/sk\/wp-json\/wp\/v2\/media?parent=4805"}],"wp:term":[{"taxonomy":"product_brand","embeddable":true,"href":"https:\/\/wahrsager-blaz.com\/sk\/wp-json\/wp\/v2\/product_brand?post=4805"},{"taxonomy":"product_cat","embeddable":true,"href":"https:\/\/wahrsager-blaz.com\/sk\/wp-json\/wp\/v2\/product_cat?post=4805"},{"taxonomy":"product_tag","embeddable":true,"href":"https:\/\/wahrsager-blaz.com\/sk\/wp-json\/wp\/v2\/product_tag?post=4805"}],"curies":[{"name":"wp","href":"https:\/\/api.w.org\/{rel}","templated":true}]}}