{"id":10643,"date":"2025-11-10T12:49:31","date_gmt":"2025-11-10T12:49:31","guid":{"rendered":"https:\/\/wahrsager-blaz.com\/?post_type=product&#038;p=10643"},"modified":"2025-11-10T14:05:54","modified_gmt":"2025-11-10T14:05:54","slug":"email-vestenie-s-blazom-osobny-pohlad-do-buducnosti","status":"publish","type":"product","link":"https:\/\/wahrsager-blaz.com\/sk\/product\/email-vestenie-s-blazom-osobny-pohlad-do-buducnosti\/","title":{"rendered":"Email ve\u0161tenie s Bla\u017eom \u2014 osobn\u00fd poh\u013ead do bud\u00facnosti"},"content":{"rendered":"","protected":false},"excerpt":{"rendered":"<p>\ud83d\udcab <strong data-start=\"176\" data-end=\"229\">R\u00fdchle, presn\u00e9 a \u00faprimn\u00e9 odpovede na tvoje ot\u00e1zky<\/strong><br data-start=\"229\" data-end=\"232\" \/>\ud83d\udc96 <strong data-start=\"235\" data-end=\"253\">V\u00fdklad energi\u00ed<\/strong> v oblasti l\u00e1sky, kari\u00e9ry a bud\u00facnosti<br data-start=\"291\" data-end=\"294\" \/>\ud83d\udd2e <strong data-start=\"297\" data-end=\"316\">Mo\u017enos\u0165 v\u00fdberu:<\/strong> 5 ot\u00e1zok, 10 ot\u00e1zok alebo ro\u010dn\u00fd horoskop<br data-start=\"357\" data-end=\"360\" \/>\ud83d\udce7 <strong data-start=\"363\" data-end=\"395\">Odpovede dostane\u0161 do e-mailu<\/strong> do 2\u20133 pracovn\u00fdch dn\u00ed<br data-start=\"417\" data-end=\"420\" \/>\ud83d\udd4a\ufe0f <strong data-start=\"424\" data-end=\"455\">Diskr\u00e9tne, osobn\u00e9 a d\u00f4vern\u00e9<\/strong><\/p>","protected":false},"featured_media":10653,"comment_status":"open","ping_status":"closed","template":"","meta":[],"product_brand":[],"product_cat":[15],"product_tag":[],"class_list":{"0":"post-10643","1":"product","2":"type-product","3":"status-publish","4":"has-post-thumbnail","6":"product_cat-uncategorized","8":"first","9":"instock","10":"sale","11":"shipping-taxable","12":"purchasable","13":"product-type-variable","14":"has-default-attributes"},"aioseo_notices":[],"_links":{"self":[{"href":"https:\/\/wahrsager-blaz.com\/sk\/wp-json\/wp\/v2\/product\/10643","targetHints":{"allow":["GET"]}}],"collection":[{"href":"https:\/\/wahrsager-blaz.com\/sk\/wp-json\/wp\/v2\/product"}],"about":[{"href":"https:\/\/wahrsager-blaz.com\/sk\/wp-json\/wp\/v2\/types\/product"}],"replies":[{"embeddable":true,"href":"https:\/\/wahrsager-blaz.com\/sk\/wp-json\/wp\/v2\/comments?post=10643"}],"version-history":[{"count":5,"href":"https:\/\/wahrsager-blaz.com\/sk\/wp-json\/wp\/v2\/product\/10643\/revisions"}],"predecessor-version":[{"id":10648,"href":"https:\/\/wahrsager-blaz.com\/sk\/wp-json\/wp\/v2\/product\/10643\/revisions\/10648"}],"wp:featuredmedia":[{"embeddable":true,"href":"https:\/\/wahrsager-blaz.com\/sk\/wp-json\/wp\/v2\/media\/10653"}],"wp:attachment":[{"href":"https:\/\/wahrsager-blaz.com\/sk\/wp-json\/wp\/v2\/media?parent=10643"}],"wp:term":[{"taxonomy":"product_brand","embeddable":true,"href":"https:\/\/wahrsager-blaz.com\/sk\/wp-json\/wp\/v2\/product_brand?post=10643"},{"taxonomy":"product_cat","embeddable":true,"href":"https:\/\/wahrsager-blaz.com\/sk\/wp-json\/wp\/v2\/product_cat?post=10643"},{"taxonomy":"product_tag","embeddable":true,"href":"https:\/\/wahrsager-blaz.com\/sk\/wp-json\/wp\/v2\/product_tag?post=10643"}],"curies":[{"name":"wp","href":"https:\/\/api.w.org\/{rel}","templated":true}]}}