{"id":10383,"date":"2025-05-29T19:46:54","date_gmt":"2025-05-29T19:46:54","guid":{"rendered":"https:\/\/wahrsager-blaz.com\/?post_type=product&#038;p=10383"},"modified":"2026-05-02T04:11:03","modified_gmt":"2026-05-02T04:11:03","slug":"30-minuta","status":"publish","type":"product","link":"https:\/\/wahrsager-blaz.com\/sk\/product\/30-minuta\/","title":{"rendered":"30 minuta privatnog proricanja sudbine sa Bla\u017eem"},"content":{"rendered":"<h6>Vidovnjak Bla\u017e<\/h6>\n<p style=\"margin-top: 25px;\">Rezervi\u0161ite svoje minute za li\u010dno<\/p>\n<p>Pozva\u0107u vas istog dana \u2013 brzo i diskretno<\/p>\n<p>Odgovaram na va\u0161a pitanja o ljubavi, zdravlju, novcu i vezama<\/p>\n<p>Poma\u017eem vam da prona\u0111ete jasno\u0107u i donesete bolje odluke<\/p>\n<p>Mo\u017eete postaviti vi\u0161e pitanja u okviru rezervisanog vremena<\/p>\n<p>Preko 20 godina iskustva \u2013 Hiljade zadovoljnih klijenata mi veruju<br \/>\n<img fetchpriority=\"high\" decoding=\"async\" src=\"http:\/\/wahrsager-blaz.com\/wp-content\/uploads\/2025\/03\/Izdelek-brez-naslova-15.png\" sizes=\"(max-width: 1080px) 100vw, 1080px\" srcset=\"https:\/\/wahrsager-blaz.com\/wp-content\/uploads\/2025\/03\/Izdelek-brez-naslova-15.png 1080w, https:\/\/wahrsager-blaz.com\/wp-content\/uploads\/2025\/03\/Izdelek-brez-naslova-15-300x157.png 300w, https:\/\/wahrsager-blaz.com\/wp-content\/uploads\/2025\/03\/Izdelek-brez-naslova-15-1024x537.png 1024w, https:\/\/wahrsager-blaz.com\/wp-content\/uploads\/2025\/03\/Izdelek-brez-naslova-15-768x402.png 768w, https:\/\/wahrsager-blaz.com\/wp-content\/uploads\/2025\/03\/Izdelek-brez-naslova-15-600x314.png 600w\" alt=\"\" width=\"1080\" height=\"566\" \/><\/p>","protected":false},"excerpt":{"rendered":"<p data-start=\"46\" data-end=\"93\"><strong data-start=\"46\" data-end=\"93\">30 minuta li\u010dnog savetovanja putem telefona<\/strong><\/p>\n<p data-start=\"95\" data-end=\"132\">Brzi i jasni odgovori na va\u0161a pitanja<\/p>\n<p data-start=\"134\" data-end=\"176\">Duboki uvid u ljubav, zdravlje i finansije<\/p>\n<p data-start=\"178\" data-end=\"229\">Otkrivanje istine o va\u0161em partneru i va\u0161im odnosima<\/p>\n<p data-start=\"231\" data-end=\"260\">Diskretno, li\u010dno i poverljivo<\/p>","protected":false},"featured_media":10185,"comment_status":"open","ping_status":"closed","template":"","meta":[],"product_brand":[],"product_cat":[84],"product_tag":[79,78,80],"class_list":{"0":"post-10383","1":"product","2":"type-product","3":"status-publish","4":"has-post-thumbnail","6":"product_cat-verfugbar","7":"product_tag-tarot","8":"product_tag-wahrsagen","9":"product_tag-zukunft","11":"first","12":"instock","13":"sale","14":"shipping-taxable","15":"purchasable","16":"product-type-simple"},"aioseo_notices":[],"_links":{"self":[{"href":"https:\/\/wahrsager-blaz.com\/sk\/wp-json\/wp\/v2\/product\/10383","targetHints":{"allow":["GET"]}}],"collection":[{"href":"https:\/\/wahrsager-blaz.com\/sk\/wp-json\/wp\/v2\/product"}],"about":[{"href":"https:\/\/wahrsager-blaz.com\/sk\/wp-json\/wp\/v2\/types\/product"}],"replies":[{"embeddable":true,"href":"https:\/\/wahrsager-blaz.com\/sk\/wp-json\/wp\/v2\/comments?post=10383"}],"version-history":[{"count":6,"href":"https:\/\/wahrsager-blaz.com\/sk\/wp-json\/wp\/v2\/product\/10383\/revisions"}],"predecessor-version":[{"id":10437,"href":"https:\/\/wahrsager-blaz.com\/sk\/wp-json\/wp\/v2\/product\/10383\/revisions\/10437"}],"wp:featuredmedia":[{"embeddable":true,"href":"https:\/\/wahrsager-blaz.com\/sk\/wp-json\/wp\/v2\/media\/10185"}],"wp:attachment":[{"href":"https:\/\/wahrsager-blaz.com\/sk\/wp-json\/wp\/v2\/media?parent=10383"}],"wp:term":[{"taxonomy":"product_brand","embeddable":true,"href":"https:\/\/wahrsager-blaz.com\/sk\/wp-json\/wp\/v2\/product_brand?post=10383"},{"taxonomy":"product_cat","embeddable":true,"href":"https:\/\/wahrsager-blaz.com\/sk\/wp-json\/wp\/v2\/product_cat?post=10383"},{"taxonomy":"product_tag","embeddable":true,"href":"https:\/\/wahrsager-blaz.com\/sk\/wp-json\/wp\/v2\/product_tag?post=10383"}],"curies":[{"name":"wp","href":"https:\/\/api.w.org\/{rel}","templated":true}]}}