{"id":9698,"date":"2023-02-23T10:25:38","date_gmt":"2023-02-23T10:25:38","guid":{"rendered":"https:\/\/synastry.qodeinteractive.com\/?page_id=3"},"modified":"2025-04-07T11:51:15","modified_gmt":"2025-04-07T11:51:15","slug":"datenschutzrichtlinie","status":"publish","type":"page","link":"https:\/\/wahrsager-blaz.com\/sk\/datenschutzrichtlinie\/","title":{"rendered":"Ochrana osobn\u00fdch \u00fadajov"},"content":{"rendered":"<h2 class=\"wp-block-heading\">Who we are<\/h2>\n\n\n\n<p><strong>Letzte Aktualisierung:<\/strong> 7.4.2025<\/p>\n\n\n\n<p>Unsere Website-Adresse lautet: <a class=\"\" href=\"https:\/\/wahrsager-blaz.com\/sk\/\">https:\/\/wahrsager-blaz.com<\/a>.<\/p>\n\n\n\n<p><\/p>\n\n\n\n<h2 class=\"wp-block-heading\">Kommentare<\/h2>\n\n\n\n<p>Wenn Besucher Kommentare auf der Website hinterlassen, erfassen wir die im Kommentarformular angezeigten Daten, die IP-Adresse des Besuchers und den User-Agent-String des Browsers zur Spam-Erkennung.<br>Eine anonymisierte Zeichenfolge (Hash) kann an den Gravatar-Dienst \u00fcbermittelt werden, um zu pr\u00fcfen, ob dieser verwendet wird. Datenschutzerkl\u00e4rung von Gravatar: <a class=\"\" href=\"https:\/\/automattic.com\/privacy\/\">https:\/\/automattic.com\/privacy\/<\/a>.<\/p>\n\n\n\n<p><\/p>\n\n\n\n<h2 class=\"wp-block-heading\">Cookies<\/h2>\n\n\n\n<p>Wenn Sie einen Kommentar hinterlassen, k\u00f6nnen Sie zustimmen, Ihren Namen, Ihre E-Mail-Adresse und Ihre Website in Cookies zu speichern. Diese dienen Ihrer Bequemlichkeit.<\/p>\n\n\n\n<p><br>Wenn Sie die Login-Seite besuchen, setzen wir einen tempor\u00e4ren Cookie, um zu pr\u00fcfen, ob Ihr Browser Cookies akzeptiert.<\/p>\n\n\n\n<p><br>Beim Einloggen setzen wir zus\u00e4tzliche Cookies zur Speicherung Ihrer Anmeldedaten und Anzeigeeinstellungen.<\/p>\n\n\n\n<p><br>Wenn Sie \u00bbAngemeldet bleiben\u00ab ausw\u00e4hlen, bleibt Ihr Login zwei Wochen bestehen.<\/p>\n\n\n\n<h2 class=\"wp-block-heading\">Eingebettete Inhalte von anderen Websites<\/h2>\n\n\n\n<p>Beitr\u00e4ge auf dieser Seite k\u00f6nnen eingebettete Inhalte enthalten (z.\u202fB. Videos, Bilder, Artikel usw.). Diese verhalten sich so, als ob Sie die andere Website direkt besucht h\u00e4tten.<\/p>\n\n\n\n<p><br>Diese Websites k\u00f6nnen Daten \u00fcber Sie sammeln, Cookies verwenden und Ihre Interaktion verfolgen.<\/p>\n\n\n\n<h2 class=\"wp-block-heading\">Mit wem wir Ihre Daten teilen<\/h2>\n\n\n\n<p>Wenn Sie eine Passwortzur\u00fccksetzung anfordern, wird Ihre IP-Adresse in der E-Mail zur Zur\u00fccksetzung enthalten sein.<\/p>\n\n\n\n<h2 class=\"wp-block-heading\">Wie lange wir Ihre Daten speichern<\/h2>\n\n\n\n<p>Kommentare und Metadaten werden unbegrenzt gespeichert.<\/p>\n\n\n\n<p><br>Registrierte Benutzer k\u00f6nnen ihre pers\u00f6nlichen Daten jederzeit einsehen, bearbeiten oder l\u00f6schen (Benutzername ausgenommen).<\/p>\n\n\n\n<h2 class=\"wp-block-heading\">Welche Rechte Sie an Ihren Daten haben<\/h2>\n\n\n\n<p>Sie k\u00f6nnen eine Exportdatei mit den pers\u00f6nlichen Daten anfordern oder deren L\u00f6schung verlangen (ausgenommen Daten, die wir aus rechtlichen Gr\u00fcnden aufbewahren m\u00fcssen).<\/p>\n\n\n\n<h2 class=\"wp-block-heading\">Wohin Ihre Daten gesendet werden<\/h2>\n\n\n\n<p>Kommentare k\u00f6nnen durch einen automatisierten Spam-Erkennungsdienst \u00fcberpr\u00fcft werden.<\/p>\n\n\n\n<p><\/p>","protected":false},"excerpt":{"rendered":"<p>Who we are Letzte Aktualisierung: 7.4.2025 Unsere Website-Adresse lautet: https:\/\/wahrsager-blaz.com. Kommentare Wenn Besucher Kommentare auf der Website hinterlassen, erfassen wir die im Kommentarformular angezeigten Daten, die IP-Adresse des Besuchers und den User-Agent-String des Browsers zur Spam-Erkennung.Eine anonymisierte Zeichenfolge (Hash) kann an den Gravatar-Dienst \u00fcbermittelt werden, um zu pr\u00fcfen, ob dieser verwendet wird. Datenschutzerkl\u00e4rung von Gravatar: [&hellip;]<\/p>\n","protected":false},"author":1,"featured_media":0,"parent":0,"menu_order":0,"comment_status":"closed","ping_status":"closed","template":"","meta":{"footnotes":""},"class_list":["post-9698","page","type-page","status-publish","hentry"],"aioseo_notices":[],"_links":{"self":[{"href":"https:\/\/wahrsager-blaz.com\/sk\/wp-json\/wp\/v2\/pages\/9698","targetHints":{"allow":["GET"]}}],"collection":[{"href":"https:\/\/wahrsager-blaz.com\/sk\/wp-json\/wp\/v2\/pages"}],"about":[{"href":"https:\/\/wahrsager-blaz.com\/sk\/wp-json\/wp\/v2\/types\/page"}],"author":[{"embeddable":true,"href":"https:\/\/wahrsager-blaz.com\/sk\/wp-json\/wp\/v2\/users\/1"}],"replies":[{"embeddable":true,"href":"https:\/\/wahrsager-blaz.com\/sk\/wp-json\/wp\/v2\/comments?post=9698"}],"version-history":[{"count":3,"href":"https:\/\/wahrsager-blaz.com\/sk\/wp-json\/wp\/v2\/pages\/9698\/revisions"}],"predecessor-version":[{"id":10319,"href":"https:\/\/wahrsager-blaz.com\/sk\/wp-json\/wp\/v2\/pages\/9698\/revisions\/10319"}],"wp:attachment":[{"href":"https:\/\/wahrsager-blaz.com\/sk\/wp-json\/wp\/v2\/media?parent=9698"}],"curies":[{"name":"wp","href":"https:\/\/api.w.org\/{rel}","templated":true}]}}