{"id":13,"date":"2025-02-27T20:21:39","date_gmt":"2025-02-27T20:21:39","guid":{"rendered":"https:\/\/wahrsager-blaz.com\/cart\/"},"modified":"2025-04-07T10:46:20","modified_gmt":"2025-04-07T10:46:20","slug":"warenkorb","status":"publish","type":"page","link":"https:\/\/wahrsager-blaz.com\/sk\/warenkorb\/","title":{"rendered":"Warenkorb"},"content":{"rendered":"<div data-block-name=\"woocommerce\/cart\" class=\"wp-block-woocommerce-cart alignwide is-loading\">\n<div data-block-name=\"woocommerce\/filled-cart-block\" class=\"wp-block-woocommerce-filled-cart-block\">\n<div data-block-name=\"woocommerce\/cart-items-block\" class=\"wp-block-woocommerce-cart-items-block\">\n<div data-block-name=\"woocommerce\/cart-line-items-block\" class=\"wp-block-woocommerce-cart-line-items-block\"><\/div>\n\n\n\n<div data-block-name=\"woocommerce\/cart-cross-sells-block\" class=\"wp-block-woocommerce-cart-cross-sells-block\">\n<h2 class=\"wp-block-heading has-large-font-size\">You may be interested in\u2026<\/h2>\n\n\n\n<div data-block-name=\"woocommerce\/cart-cross-sells-products-block\" class=\"wp-block-woocommerce-cart-cross-sells-products-block\"><\/div>\n<\/div>\n<\/div>\n\n\n\n<div data-block-name=\"woocommerce\/cart-totals-block\" class=\"wp-block-woocommerce-cart-totals-block\">\n<div data-block-name=\"woocommerce\/cart-order-summary-block\" class=\"wp-block-woocommerce-cart-order-summary-block\">\n<div data-block-name=\"woocommerce\/cart-order-summary-heading-block\" class=\"wp-block-woocommerce-cart-order-summary-heading-block\"><\/div><div data-block-name=\"woocommerce\/cart-order-summary-coupon-form-block\" class=\"wp-block-woocommerce-cart-order-summary-coupon-form-block\"><\/div><div data-block-name=\"woocommerce\/cart-order-summary-totals-block\" class=\"wp-block-woocommerce-cart-order-summary-totals-block\">\n<div data-block-name=\"woocommerce\/cart-order-summary-subtotal-block\" class=\"wp-block-woocommerce-cart-order-summary-subtotal-block\"><\/div>\n<div data-block-name=\"woocommerce\/cart-order-summary-discount-block\" class=\"wp-block-woocommerce-cart-order-summary-discount-block\"><\/div>\n<div data-block-name=\"woocommerce\/cart-order-summary-fee-block\" class=\"wp-block-woocommerce-cart-order-summary-fee-block\"><\/div>\n<div data-block-name=\"woocommerce\/cart-order-summary-shipping-block\" class=\"wp-block-woocommerce-cart-order-summary-shipping-block\"><\/div>\n<div data-block-name=\"woocommerce\/cart-order-summary-taxes-block\" class=\"wp-block-woocommerce-cart-order-summary-taxes-block\"><\/div><\/div>\n<\/div>\n\n\n\n<div data-block-name=\"woocommerce\/cart-express-payment-block\" class=\"wp-block-woocommerce-cart-express-payment-block\"><\/div>\n\n\n\n<div data-block-name=\"woocommerce\/proceed-to-checkout-block\" class=\"wp-block-woocommerce-proceed-to-checkout-block\"><\/div>\n\n\n\n<div data-block-name=\"woocommerce\/cart-accepted-payment-methods-block\" class=\"wp-block-woocommerce-cart-accepted-payment-methods-block\"><\/div>\n<\/div>\n<\/div>\n\n\n\n<div data-block-name=\"woocommerce\/empty-cart-block\" class=\"wp-block-woocommerce-empty-cart-block\">\n<h2 class=\"wp-block-heading has-text-align-center with-empty-cart-icon wc-block-cart__empty-cart__title\">Your cart is currently empty!<\/h2>\n\n\n\n<hr class=\"wp-block-separator has-alpha-channel-opacity is-style-dots\"\/>\n\n\n\n<h2 class=\"wp-block-heading has-text-align-center\">New in store<\/h2>\n\n\n<div data-block-name=\"woocommerce\/product-new\" data-columns=\"4\" data-rows=\"1\" class=\"wc-block-grid wp-block-product-new wp-block-woocommerce-product-new wc-block-product-new has-4-columns\"><ul class=\"wc-block-grid__products\"><li class=\"wc-block-grid__product\">\n\t\t\t\t<a href=\"https:\/\/wahrsager-blaz.com\/sk\/product\/email-vestenie-s-blazom-osobny-pohlad-do-buducnosti\/\" class=\"wc-block-grid__product-link\">\n\t\t\t\t\t<div class=\"wc-block-grid__product-onsale\">\n\t\t\t<span aria-hidden=\"true\" data-no-translation=\"\" data-trp-gettext=\"\">Z\u013eava<\/span>\n\t\t\t<span class=\"screen-reader-text\" data-no-translation=\"\" data-trp-gettext=\"\">Z\u013eavnen\u00fd produkt<\/span>\n\t\t<\/div>\n\t\t\t\t\t<div class=\"wc-block-grid__product-image\"><img fetchpriority=\"high\" decoding=\"async\" width=\"300\" height=\"300\" src=\"https:\/\/wahrsager-blaz.com\/wp-content\/uploads\/2025\/11\/Exklusive-1-zu-1-Wahrsagung-1-300x300.png\" class=\"attachment-woocommerce_thumbnail size-woocommerce_thumbnail\" alt=\"Email ve\u0161tenie s Bla\u017eom \u2014 osobn\u00fd poh\u013ead do bud\u00facnosti\" srcset=\"https:\/\/wahrsager-blaz.com\/wp-content\/uploads\/2025\/11\/Exklusive-1-zu-1-Wahrsagung-1-300x300.png 300w, https:\/\/wahrsager-blaz.com\/wp-content\/uploads\/2025\/11\/Exklusive-1-zu-1-Wahrsagung-1-1024x1024.png 1024w, https:\/\/wahrsager-blaz.com\/wp-content\/uploads\/2025\/11\/Exklusive-1-zu-1-Wahrsagung-1-150x150.png 150w, https:\/\/wahrsager-blaz.com\/wp-content\/uploads\/2025\/11\/Exklusive-1-zu-1-Wahrsagung-1-768x768.png 768w, https:\/\/wahrsager-blaz.com\/wp-content\/uploads\/2025\/11\/Exklusive-1-zu-1-Wahrsagung-1-12x12.png 12w, https:\/\/wahrsager-blaz.com\/wp-content\/uploads\/2025\/11\/Exklusive-1-zu-1-Wahrsagung-1-650x650.png 650w, https:\/\/wahrsager-blaz.com\/wp-content\/uploads\/2025\/11\/Exklusive-1-zu-1-Wahrsagung-1-600x600.png 600w, https:\/\/wahrsager-blaz.com\/wp-content\/uploads\/2025\/11\/Exklusive-1-zu-1-Wahrsagung-1-100x100.png 100w, https:\/\/wahrsager-blaz.com\/wp-content\/uploads\/2025\/11\/Exklusive-1-zu-1-Wahrsagung-1.png 1080w\" sizes=\"(max-width: 300px) 100vw, 300px\" \/><\/div>\n\t\t\t\t\t<div class=\"wc-block-grid__product-title\">Email ve\u0161tenie s Bla\u017eom \u2014 osobn\u00fd poh\u013ead do bud\u00facnosti<\/div>\n\t\t\t\t<\/a>\n\t\t\t\t<div class=\"wc-block-grid__product-price price\"><span class=\"woocommerce-Price-amount amount\" aria-hidden=\"true\"><span class=\"woocommerce-Price-currencySymbol\">&euro;<\/span>15.00<\/span> <span aria-hidden=\"true\">&ndash;<\/span> <span class=\"woocommerce-Price-amount amount\" aria-hidden=\"true\"><span class=\"woocommerce-Price-currencySymbol\">&euro;<\/span>25.00<\/span><span class=\"screen-reader-text\" data-no-translation=\"\" data-trp-gettext=\"\">Price range: &euro;15.00 through &euro;25.00<\/span><\/div>\n\t\t\t\t\n\t\t\t\t<div class=\"wp-block-button wc-block-grid__product-add-to-cart\"><a href=\"https:\/\/wahrsager-blaz.com\/sk\/product\/email-vestenie-s-blazom-osobny-pohlad-do-buducnosti\/\" aria-label=\"V\u00fdber nastaven\u00ed pre \u201cEmail ve\u0161tenie s Bla\u017eom \u2014 osobn\u00fd poh\u013ead do bud\u00facnosti\u201d\" data-quantity=\"1\" data-product_id=\"10643\" data-product_sku=\"\" data-price=\"15\" rel=\"nofollow\" class=\"wp-block-button__link  add_to_cart_button\" data-no-translation=\"\" data-trp-gettext=\"\" data-no-translation-aria-label=\"\">V\u00fdber mo\u017enost\u00ed<\/a><\/div>\n\t\t\t<\/li><li class=\"wc-block-grid__product\">\n\t\t\t\t<a href=\"https:\/\/wahrsager-blaz.com\/sk\/product\/30-minuta\/\" class=\"wc-block-grid__product-link\">\n\t\t\t\t\t<div class=\"wc-block-grid__product-onsale\">\n\t\t\t<span aria-hidden=\"true\" data-no-translation=\"\" data-trp-gettext=\"\">Z\u013eava<\/span>\n\t\t\t<span class=\"screen-reader-text\" data-no-translation=\"\" data-trp-gettext=\"\">Z\u013eavnen\u00fd produkt<\/span>\n\t\t<\/div>\n\t\t\t\t\t<div class=\"wc-block-grid__product-image\"><img decoding=\"async\" width=\"300\" height=\"300\" src=\"https:\/\/wahrsager-blaz.com\/wp-content\/uploads\/2023\/04\/Exklusive-1-zu-1-Wahrsagung-4-300x300.png\" class=\"attachment-woocommerce_thumbnail size-woocommerce_thumbnail\" alt=\"30 minuta privatnog proricanja sudbine sa Bla\u017eem\" srcset=\"https:\/\/wahrsager-blaz.com\/wp-content\/uploads\/2023\/04\/Exklusive-1-zu-1-Wahrsagung-4-300x300.png 300w, https:\/\/wahrsager-blaz.com\/wp-content\/uploads\/2023\/04\/Exklusive-1-zu-1-Wahrsagung-4-1024x1024.png 1024w, https:\/\/wahrsager-blaz.com\/wp-content\/uploads\/2023\/04\/Exklusive-1-zu-1-Wahrsagung-4-150x150.png 150w, https:\/\/wahrsager-blaz.com\/wp-content\/uploads\/2023\/04\/Exklusive-1-zu-1-Wahrsagung-4-768x768.png 768w, https:\/\/wahrsager-blaz.com\/wp-content\/uploads\/2023\/04\/Exklusive-1-zu-1-Wahrsagung-4-650x650.png 650w, https:\/\/wahrsager-blaz.com\/wp-content\/uploads\/2023\/04\/Exklusive-1-zu-1-Wahrsagung-4-600x600.png 600w, https:\/\/wahrsager-blaz.com\/wp-content\/uploads\/2023\/04\/Exklusive-1-zu-1-Wahrsagung-4-100x100.png 100w, https:\/\/wahrsager-blaz.com\/wp-content\/uploads\/2023\/04\/Exklusive-1-zu-1-Wahrsagung-4.png 1080w\" sizes=\"(max-width: 300px) 100vw, 300px\" \/><\/div>\n\t\t\t\t\t<div class=\"wc-block-grid__product-title\">30 minuta privatnog proricanja sudbine sa Bla\u017eem<\/div>\n\t\t\t\t<\/a>\n\t\t\t\t<div class=\"wc-block-grid__product-price price\"><del aria-hidden=\"true\"><span class=\"woocommerce-Price-amount amount\"><span class=\"woocommerce-Price-currencySymbol\">\u20ac<\/span>60.00<\/span><\/del> <span class=\"screen-reader-text\" data-no-translation=\"\" data-trp-gettext=\"\">P\u00f4vodn\u00e1 cena bola: &euro;60.00.<\/span><ins aria-hidden=\"true\"><span class=\"woocommerce-Price-amount amount\"><span class=\"woocommerce-Price-currencySymbol\">\u20ac<\/span>45.00<\/span><\/ins><span class=\"screen-reader-text\" data-no-translation=\"\" data-trp-gettext=\"\">Aktu\u00e1lna cena je: &euro;45.00.<\/span><\/div>\n\t\t\t\t\n\t\t\t\t<div class=\"wp-block-button wc-block-grid__product-add-to-cart\"><a href=\"\/sk\/wp-json\/wp\/v2\/pages\/13?add-to-cart=10383\" aria-label=\"Prida\u0165 do ko\u0161\u00edka: \u201e30 minuta privatnog proricanja sudbine sa Bla\u017eem\u201c\" data-quantity=\"1\" data-product_id=\"10383\" data-product_sku=\"\" data-price=\"45\" rel=\"nofollow\" class=\"wp-block-button__link  add_to_cart_button ajax_add_to_cart\" data-no-translation=\"\" data-trp-gettext=\"\" data-no-translation-aria-label=\"\">Prida\u0165 do ko\u0161\u00edka<\/a><\/div>\n\t\t\t<\/li><li class=\"wc-block-grid__product\">\n\t\t\t\t<a href=\"https:\/\/wahrsager-blaz.com\/sk\/product\/minuten-buchen\/\" class=\"wc-block-grid__product-link\">\n\t\t\t\t\t<div class=\"wc-block-grid__product-onsale\">\n\t\t\t<span aria-hidden=\"true\" data-no-translation=\"\" data-trp-gettext=\"\">Z\u013eava<\/span>\n\t\t\t<span class=\"screen-reader-text\" data-no-translation=\"\" data-trp-gettext=\"\">Z\u013eavnen\u00fd produkt<\/span>\n\t\t<\/div>\n\t\t\t\t\t<div class=\"wc-block-grid__product-image\"><img decoding=\"async\" width=\"300\" height=\"300\" src=\"https:\/\/wahrsager-blaz.com\/wp-content\/uploads\/2023\/04\/Exklusive-1-zu-1-Wahrsagung-4-300x300.png\" class=\"attachment-woocommerce_thumbnail size-woocommerce_thumbnail\" alt=\"30 Minuten privates Wahrsagen mit Blaz\" srcset=\"https:\/\/wahrsager-blaz.com\/wp-content\/uploads\/2023\/04\/Exklusive-1-zu-1-Wahrsagung-4-300x300.png 300w, https:\/\/wahrsager-blaz.com\/wp-content\/uploads\/2023\/04\/Exklusive-1-zu-1-Wahrsagung-4-1024x1024.png 1024w, https:\/\/wahrsager-blaz.com\/wp-content\/uploads\/2023\/04\/Exklusive-1-zu-1-Wahrsagung-4-150x150.png 150w, https:\/\/wahrsager-blaz.com\/wp-content\/uploads\/2023\/04\/Exklusive-1-zu-1-Wahrsagung-4-768x768.png 768w, https:\/\/wahrsager-blaz.com\/wp-content\/uploads\/2023\/04\/Exklusive-1-zu-1-Wahrsagung-4-650x650.png 650w, https:\/\/wahrsager-blaz.com\/wp-content\/uploads\/2023\/04\/Exklusive-1-zu-1-Wahrsagung-4-600x600.png 600w, https:\/\/wahrsager-blaz.com\/wp-content\/uploads\/2023\/04\/Exklusive-1-zu-1-Wahrsagung-4-100x100.png 100w, https:\/\/wahrsager-blaz.com\/wp-content\/uploads\/2023\/04\/Exklusive-1-zu-1-Wahrsagung-4.png 1080w\" sizes=\"(max-width: 300px) 100vw, 300px\" \/><\/div>\n\t\t\t\t\t<div class=\"wc-block-grid__product-title\">30 min\u00fat s\u00fakromn\u00e9 Ve\u0161tenie s Blaz<\/div>\n\t\t\t\t<\/a>\n\t\t\t\t<div class=\"wc-block-grid__product-price price\"><del aria-hidden=\"true\"><span class=\"woocommerce-Price-amount amount\"><span class=\"woocommerce-Price-currencySymbol\">\u20ac<\/span>60.00<\/span><\/del> <span class=\"screen-reader-text\" data-no-translation=\"\" data-trp-gettext=\"\">P\u00f4vodn\u00e1 cena bola: &euro;60.00.<\/span><ins aria-hidden=\"true\"><span class=\"woocommerce-Price-amount amount\"><span class=\"woocommerce-Price-currencySymbol\">\u20ac<\/span>45.00<\/span><\/ins><span class=\"screen-reader-text\" data-no-translation=\"\" data-trp-gettext=\"\">Aktu\u00e1lna cena je: &euro;45.00.<\/span><\/div>\n\t\t\t\t\n\t\t\t\t<div class=\"wp-block-button wc-block-grid__product-add-to-cart\"><a href=\"\/sk\/wp-json\/wp\/v2\/pages\/13?add-to-cart=4805\" aria-label=\"Prida\u0165 do ko\u0161\u00edka: \u201e30 Minuten privates Wahrsagen mit Blaz\u201c\" data-quantity=\"1\" data-product_id=\"4805\" data-product_sku=\"\" data-price=\"45\" rel=\"nofollow\" class=\"wp-block-button__link  add_to_cart_button ajax_add_to_cart\" data-no-translation=\"\" data-trp-gettext=\"\" data-no-translation-aria-label=\"\">Prida\u0165 do ko\u0161\u00edka<\/a><\/div>\n\t\t\t<\/li><\/ul><\/div><\/div>\n<\/div>","protected":false},"excerpt":{"rendered":"","protected":false},"author":1,"featured_media":0,"parent":0,"menu_order":0,"comment_status":"closed","ping_status":"closed","template":"","meta":{"footnotes":""},"class_list":["post-13","page","type-page","status-publish","hentry"],"aioseo_notices":[],"_links":{"self":[{"href":"https:\/\/wahrsager-blaz.com\/sk\/wp-json\/wp\/v2\/pages\/13","targetHints":{"allow":["GET"]}}],"collection":[{"href":"https:\/\/wahrsager-blaz.com\/sk\/wp-json\/wp\/v2\/pages"}],"about":[{"href":"https:\/\/wahrsager-blaz.com\/sk\/wp-json\/wp\/v2\/types\/page"}],"author":[{"embeddable":true,"href":"https:\/\/wahrsager-blaz.com\/sk\/wp-json\/wp\/v2\/users\/1"}],"replies":[{"embeddable":true,"href":"https:\/\/wahrsager-blaz.com\/sk\/wp-json\/wp\/v2\/comments?post=13"}],"version-history":[{"count":2,"href":"https:\/\/wahrsager-blaz.com\/sk\/wp-json\/wp\/v2\/pages\/13\/revisions"}],"predecessor-version":[{"id":10292,"href":"https:\/\/wahrsager-blaz.com\/sk\/wp-json\/wp\/v2\/pages\/13\/revisions\/10292"}],"wp:attachment":[{"href":"https:\/\/wahrsager-blaz.com\/sk\/wp-json\/wp\/v2\/media?parent=13"}],"curies":[{"name":"wp","href":"https:\/\/api.w.org\/{rel}","templated":true}]}}