{"id":10127,"date":"2025-03-18T11:28:34","date_gmt":"2025-03-18T11:28:34","guid":{"rendered":"https:\/\/wahrsager-blaz.com\/?page_id=10127"},"modified":"2025-11-04T14:59:18","modified_gmt":"2025-11-04T14:59:18","slug":"haeufig-gestellte-fragen","status":"publish","type":"page","link":"https:\/\/wahrsager-blaz.com\/sk\/haeufig-gestellte-fragen\/","title":{"rendered":"\u010casto kladen\u00e9 ot\u00e1zky"},"content":{"rendered":"\t\t<div data-elementor-type=\"wp-page\" data-elementor-id=\"10127\" class=\"elementor elementor-10127\">\n\t\t\t\t\t\t<section class=\"elementor-section elementor-top-section elementor-element elementor-element-86c982f elementor-section-full_width qodef-elementor-content-grid elementor-section-height-default elementor-section-height-default\" data-id=\"86c982f\" data-element_type=\"section\" data-e-type=\"section\">\n\t\t\t\t\t\t<div class=\"elementor-container elementor-column-gap-default\">\n\t\t\t\t\t<div class=\"elementor-column elementor-col-100 elementor-top-column elementor-element elementor-element-efa6b7c\" data-id=\"efa6b7c\" data-element_type=\"column\" data-e-type=\"column\" data-settings=\"{&quot;background_background&quot;:&quot;classic&quot;}\">\n\t\t\t<div class=\"elementor-widget-wrap elementor-element-populated\">\n\t\t\t\t\t\t<div class=\"elementor-element elementor-element-072cbf6 elementor-absolute elementor-widget__width-initial elementor-widget elementor-widget-synastry_core_single_image\" data-id=\"072cbf6\" data-element_type=\"widget\" data-e-type=\"widget\" data-settings=\"{&quot;_position&quot;:&quot;absolute&quot;}\" data-widget_type=\"synastry_core_single_image.default\">\n\t\t\t\t<div class=\"elementor-widget-container\">\n\t\t\t\t\t<div class=\"qodef-shortcode qodef-m  qodef-single-image qodef-layout--default  qodef-rotate-animation \">\n\t\t\t<div class=\"qodef-m-image\">\n\t\t\t\t\t\t\t\t<img fetchpriority=\"high\" decoding=\"async\" width=\"711\" height=\"692\" src=\"https:\/\/wahrsager-blaz.com\/wp-content\/uploads\/2023\/07\/planets-around-map2.png\" class=\"attachment-full size-full\" alt=\"a\" srcset=\"https:\/\/wahrsager-blaz.com\/wp-content\/uploads\/2023\/07\/planets-around-map2.png 711w, https:\/\/wahrsager-blaz.com\/wp-content\/uploads\/2023\/07\/planets-around-map2-600x584.png 600w, https:\/\/wahrsager-blaz.com\/wp-content\/uploads\/2023\/07\/planets-around-map2-300x292.png 300w\" sizes=\"(max-width: 711px) 100vw, 711px\" \/>\t\t\t\t\t\t\t<\/div>\n\t<\/div>\n\t\t\t\t<\/div>\n\t\t\t\t<\/div>\n\t\t\t\t<div class=\"elementor-element elementor-element-81d46e6 elementor-widget elementor-widget-synastry_core_google_map\" data-id=\"81d46e6\" data-element_type=\"widget\" data-e-type=\"widget\" data-widget_type=\"synastry_core_google_map.default\">\n\t\t\t\t<div class=\"elementor-widget-container\">\n\t\t\t\t\t<div class=\"qodef-shortcode qodef-m qodef-has-circle-mask qodef-google-map\">\n\t<div class=\"qodef-m-map\" id=\"qodef-map-id--608\" data-addresses='[\"401 Greenbridge Rd, Brookeville, MD 20833, USA\"]' data-pin=https:\/\/wahrsager-blaz.com\/wp-content\/uploads\/2023\/07\/pin.png data-unique-id=608 data-height=580><\/div>\n<\/div>\n\t\t\t\t<\/div>\n\t\t\t\t<\/div>\n\t\t\t\t<div class=\"elementor-element elementor-element-44c91e7 elementor-widget__width-initial elementor-widget elementor-widget-synastry_core_section_title\" data-id=\"44c91e7\" data-element_type=\"widget\" data-e-type=\"widget\" data-widget_type=\"synastry_core_section_title.default\">\n\t\t\t\t<div class=\"elementor-widget-container\">\n\t\t\t\t\t<div class=\"qodef-shortcode qodef-m  qodef-section-title qodef-alignment--left \">\n\t\t<h2 class=\"qodef-m-title\" >\n\t\t\t\t\tWAHRSAGUNG\t\t\t<\/h2>\n\t<\/div>\n\t\t\t\t<\/div>\n\t\t\t\t<\/div>\n\t\t\t\t<div class=\"elementor-element elementor-element-8a0147c elementor-widget__width-initial elementor-widget-tablet__width-inherit elementor-widget elementor-widget-synastry_core_accordion\" data-id=\"8a0147c\" data-element_type=\"widget\" data-e-type=\"widget\" data-widget_type=\"synastry_core_accordion.default\">\n\t\t\t\t<div class=\"elementor-widget-container\">\n\t\t\t\t\t<div class=\"qodef-shortcode qodef-m  qodef-accordion clear qodef-behavior--accordion qodef-layout--simple \">\n\t<h6 class=\"qodef-accordion-title\" style=\"background-color: #1A1A1A\">\n\t<span class=\"qodef-tab-title\">Muss ich im Voraus f\u00fcr das Gespr\u00e4ch bezahlen?<\/span>\n\t<span class=\"qodef-accordion-mark\">\n\t\t<span class=\"qodef-icon--plus\"><svg class=\"qodef-svg--plus\" xmlns=\"http:\/\/www.w3.org\/2000\/svg\" width=\"16\" height=\"16\"><path d=\"M16 6.978v2.045H0V6.978ZM6.992 0h2.016v16H6.992Z\" fill=\"currentColor\"><\/path><\/svg><\/span>\n\t\t<span class=\"qodef-icon--minus\"><svg class=\"qodef-svg--minus\" xmlns=\"http:\/\/www.w3.org\/2000\/svg\" width=\"16\" height=\"2\"><path data-name=\"Path 13550\" d=\"M.004 2V0h16v2Z\" fill=\"currentColor\"><\/path><\/svg><\/span>\n\t<\/span>\n<\/h6>\n<div class=\"qodef-accordion-content\" style=\"background-color: #1A1A1A\">\n\t<div class=\"qodef-accordion-content-inner\">\n\t\t<p>Ja, die Zahlung erfolgt im Voraus. Sie k\u00f6nnen Minuten direkt auf der <a href=\"\/kontakt\">Website buchen<\/a> oder \"ICH WILL\" an <a rel=\"noopener\" data-start=\"2322\" data-end=\"2342\">blazknez22@gmail.com<\/a> senden und erhalten die Zahlungsdaten.<\/p>\t<\/div>\n<\/div>\n<h6 class=\"qodef-accordion-title\" style=\"background-color: #1A1A1A\">\n\t<span class=\"qodef-tab-title\">Wie funktioniert die Buchung der Minuten?<\/span>\n\t<span class=\"qodef-accordion-mark\">\n\t\t<span class=\"qodef-icon--plus\"><svg class=\"qodef-svg--plus\" xmlns=\"http:\/\/www.w3.org\/2000\/svg\" width=\"16\" height=\"16\"><path d=\"M16 6.978v2.045H0V6.978ZM6.992 0h2.016v16H6.992Z\" fill=\"currentColor\"><\/path><\/svg><\/span>\n\t\t<span class=\"qodef-icon--minus\"><svg class=\"qodef-svg--minus\" xmlns=\"http:\/\/www.w3.org\/2000\/svg\" width=\"16\" height=\"2\"><path data-name=\"Path 13550\" d=\"M.004 2V0h16v2Z\" fill=\"currentColor\"><\/path><\/svg><\/span>\n\t<\/span>\n<\/h6>\n<div class=\"qodef-accordion-content\" style=\"background-color: #1A1A1A\">\n\t<div class=\"qodef-accordion-content-inner\">\n\t\t<p>Nach der Buchung oder der E-Mail sende ich Ihnen die Zahlungsdaten. Nach der Zahlung teilen Sie mir Ihre Telefonnummer mit, und ich rufe Sie am selben Tag an. Der Preis betr\u00e4gt 90 EUR f\u00fcr 30 Minuten Beratung..<\/p>\t<\/div>\n<\/div>\n<h6 class=\"qodef-accordion-title\" style=\"background-color: #1A1A1A\">\n\t<span class=\"qodef-tab-title\">Gibt es eine Begrenzung der Fragen w\u00e4hrend des Gespr\u00e4chs?<\/span>\n\t<span class=\"qodef-accordion-mark\">\n\t\t<span class=\"qodef-icon--plus\"><svg class=\"qodef-svg--plus\" xmlns=\"http:\/\/www.w3.org\/2000\/svg\" width=\"16\" height=\"16\"><path d=\"M16 6.978v2.045H0V6.978ZM6.992 0h2.016v16H6.992Z\" fill=\"currentColor\"><\/path><\/svg><\/span>\n\t\t<span class=\"qodef-icon--minus\"><svg class=\"qodef-svg--minus\" xmlns=\"http:\/\/www.w3.org\/2000\/svg\" width=\"16\" height=\"2\"><path data-name=\"Path 13550\" d=\"M.004 2V0h16v2Z\" fill=\"currentColor\"><\/path><\/svg><\/span>\n\t<\/span>\n<\/h6>\n<div class=\"qodef-accordion-content\" style=\"background-color: #1A1A1A\">\n\t<div class=\"qodef-accordion-content-inner\">\n\t\t<p data-start=\"78\" data-end=\"165\">Nein, es gibt keine Begrenzung der Fragen w\u00e4hrend des Gespr\u00e4chs.<\/p>\t<\/div>\n<\/div>\n<\/div>\n\t\t\t\t<\/div>\n\t\t\t\t<\/div>\n\t\t\t\t<div class=\"elementor-element elementor-element-800ab40 elementor-widget__width-initial elementor-widget elementor-widget-synastry_core_section_title\" data-id=\"800ab40\" data-element_type=\"widget\" data-e-type=\"widget\" data-widget_type=\"synastry_core_section_title.default\">\n\t\t\t\t<div class=\"elementor-widget-container\">\n\t\t\t\t\t<div class=\"qodef-shortcode qodef-m  qodef-section-title qodef-alignment--left \">\n\t\t<h2 class=\"qodef-m-title\" >\n\t\t\t\t\tZAHLUNGEN\t\t\t<\/h2>\n\t<\/div>\n\t\t\t\t<\/div>\n\t\t\t\t<\/div>\n\t\t\t\t<div class=\"elementor-element elementor-element-a412048 elementor-widget__width-initial elementor-widget-tablet__width-inherit elementor-widget elementor-widget-synastry_core_accordion\" data-id=\"a412048\" data-element_type=\"widget\" data-e-type=\"widget\" data-widget_type=\"synastry_core_accordion.default\">\n\t\t\t\t<div class=\"elementor-widget-container\">\n\t\t\t\t\t<div class=\"qodef-shortcode qodef-m  qodef-accordion clear qodef-behavior--accordion qodef-layout--simple \">\n\t<h6 class=\"qodef-accordion-title\" style=\"background-color: #1A1A1A\">\n\t<span class=\"qodef-tab-title\">Kann ich den Kauf direkt auf der Website abschlie\u00dfen?<\/span>\n\t<span class=\"qodef-accordion-mark\">\n\t\t<span class=\"qodef-icon--plus\"><svg class=\"qodef-svg--plus\" xmlns=\"http:\/\/www.w3.org\/2000\/svg\" width=\"16\" height=\"16\"><path d=\"M16 6.978v2.045H0V6.978ZM6.992 0h2.016v16H6.992Z\" fill=\"currentColor\"><\/path><\/svg><\/span>\n\t\t<span class=\"qodef-icon--minus\"><svg class=\"qodef-svg--minus\" xmlns=\"http:\/\/www.w3.org\/2000\/svg\" width=\"16\" height=\"2\"><path data-name=\"Path 13550\" d=\"M.004 2V0h16v2Z\" fill=\"currentColor\"><\/path><\/svg><\/span>\n\t<\/span>\n<\/h6>\n<div class=\"qodef-accordion-content\" style=\"background-color: #1A1A1A\">\n\t<div class=\"qodef-accordion-content-inner\">\n\t\t<p data-start=\"3859\" data-end=\"4013\">Ja, die Buchung von Minuten und anderen Dienstleistungen ist direkt auf der <a href=\"\/kontakt\">Website m\u00f6glich heir.<\/a><\/p><p data-start=\"4015\" data-end=\"4119\">\u00a0<\/p>\t<\/div>\n<\/div>\n<h6 class=\"qodef-accordion-title\" style=\"background-color: #1A1A1A\">\n\t<span class=\"qodef-tab-title\">Welche Zahlungsmethoden akzeptieren Sie?<\/span>\n\t<span class=\"qodef-accordion-mark\">\n\t\t<span class=\"qodef-icon--plus\"><svg class=\"qodef-svg--plus\" xmlns=\"http:\/\/www.w3.org\/2000\/svg\" width=\"16\" height=\"16\"><path d=\"M16 6.978v2.045H0V6.978ZM6.992 0h2.016v16H6.992Z\" fill=\"currentColor\"><\/path><\/svg><\/span>\n\t\t<span class=\"qodef-icon--minus\"><svg class=\"qodef-svg--minus\" xmlns=\"http:\/\/www.w3.org\/2000\/svg\" width=\"16\" height=\"2\"><path data-name=\"Path 13550\" d=\"M.004 2V0h16v2Z\" fill=\"currentColor\"><\/path><\/svg><\/span>\n\t<\/span>\n<\/h6>\n<div class=\"qodef-accordion-content\" style=\"background-color: #1A1A1A\">\n\t<div class=\"qodef-accordion-content-inner\">\n\t\t<p data-start=\"250\" data-end=\"359\">Zahlungen sind per Bank\u00fcberweisung oder Kreditkarte m\u00f6glich.<\/p><p data-start=\"361\" data-end=\"595\">\u00a0<\/p>\t<\/div>\n<\/div>\n<h6 class=\"qodef-accordion-title\" style=\"background-color: #1A1A1A\">\n\t<span class=\"qodef-tab-title\">Was passiert, wenn ich bezahle und nicht angerufen werde?<\/span>\n\t<span class=\"qodef-accordion-mark\">\n\t\t<span class=\"qodef-icon--plus\"><svg class=\"qodef-svg--plus\" xmlns=\"http:\/\/www.w3.org\/2000\/svg\" width=\"16\" height=\"16\"><path d=\"M16 6.978v2.045H0V6.978ZM6.992 0h2.016v16H6.992Z\" fill=\"currentColor\"><\/path><\/svg><\/span>\n\t\t<span class=\"qodef-icon--minus\"><svg class=\"qodef-svg--minus\" xmlns=\"http:\/\/www.w3.org\/2000\/svg\" width=\"16\" height=\"2\"><path data-name=\"Path 13550\" d=\"M.004 2V0h16v2Z\" fill=\"currentColor\"><\/path><\/svg><\/span>\n\t<\/span>\n<\/h6>\n<div class=\"qodef-accordion-content\" style=\"background-color: #1A1A1A\">\n\t<div class=\"qodef-accordion-content-inner\">\n\t\t<p data-start=\"4121\" data-end=\"4355\">Ich rufe immer am selben Tag an. Sollte es zu einer Verz\u00f6gerung kommen, k\u00f6nnen Sie mich jederzeit kontaktieren und erhalten eine R\u00fcckerstattung oder einen neuen Termin.<\/p>\t<\/div>\n<\/div>\n<\/div>\n\t\t\t\t<\/div>\n\t\t\t\t<\/div>\n\t\t\t\t\t<\/div>\n\t\t<\/div>\n\t\t\t\t\t<\/div>\n\t\t<\/section>\n\t\t\t\t<\/div>\n\t\t","protected":false},"excerpt":{"rendered":"<p>WAHRSAGUNG Muss ich im Voraus f\u00fcr das Gespr\u00e4ch bezahlen? Ja, die Zahlung erfolgt im Voraus. Sie k\u00f6nnen Minuten direkt auf der Website buchen oder &#8222;ICH WILL&#8220; an blazknez22@gmail.com senden und erhalten die Zahlungsdaten. Wie funktioniert die Buchung der Minuten? Nach der Buchung oder der E-Mail sende ich Ihnen die Zahlungsdaten. Nach der Zahlung teilen Sie [&hellip;]<\/p>\n","protected":false},"author":1,"featured_media":0,"parent":0,"menu_order":0,"comment_status":"closed","ping_status":"closed","template":"page-full-width.php","meta":{"footnotes":""},"class_list":["post-10127","page","type-page","status-publish","hentry"],"aioseo_notices":[],"_links":{"self":[{"href":"https:\/\/wahrsager-blaz.com\/sk\/wp-json\/wp\/v2\/pages\/10127","targetHints":{"allow":["GET"]}}],"collection":[{"href":"https:\/\/wahrsager-blaz.com\/sk\/wp-json\/wp\/v2\/pages"}],"about":[{"href":"https:\/\/wahrsager-blaz.com\/sk\/wp-json\/wp\/v2\/types\/page"}],"author":[{"embeddable":true,"href":"https:\/\/wahrsager-blaz.com\/sk\/wp-json\/wp\/v2\/users\/1"}],"replies":[{"embeddable":true,"href":"https:\/\/wahrsager-blaz.com\/sk\/wp-json\/wp\/v2\/comments?post=10127"}],"version-history":[{"count":11,"href":"https:\/\/wahrsager-blaz.com\/sk\/wp-json\/wp\/v2\/pages\/10127\/revisions"}],"predecessor-version":[{"id":10627,"href":"https:\/\/wahrsager-blaz.com\/sk\/wp-json\/wp\/v2\/pages\/10127\/revisions\/10627"}],"wp:attachment":[{"href":"https:\/\/wahrsager-blaz.com\/sk\/wp-json\/wp\/v2\/media?parent=10127"}],"curies":[{"name":"wp","href":"https:\/\/api.w.org\/{rel}","templated":true}]}}