{"id":10125,"date":"2025-03-18T11:28:05","date_gmt":"2025-03-18T11:28:05","guid":{"rendered":"https:\/\/wahrsager-blaz.com\/?page_id=10125"},"modified":"2025-05-19T14:24:51","modified_gmt":"2025-05-19T14:24:51","slug":"kontakt","status":"publish","type":"page","link":"https:\/\/wahrsager-blaz.com\/sk\/kontakt\/","title":{"rendered":"Kontakt"},"content":{"rendered":"<div data-elementor-type=\"wp-page\" data-elementor-id=\"10125\" class=\"elementor elementor-10125\">\n\t\t\t\t\t\t<section class=\"elementor-section elementor-top-section elementor-element elementor-element-86c982f elementor-section-full_width qodef-elementor-content-grid elementor-section-height-default elementor-section-height-default\" data-id=\"86c982f\" data-element_type=\"section\" data-e-type=\"section\">\n\t\t\t\t\t\t<div class=\"elementor-container elementor-column-gap-default\">\n\t\t\t\t\t<div class=\"elementor-column elementor-col-50 elementor-top-column elementor-element elementor-element-7411b56\" data-id=\"7411b56\" data-element_type=\"column\" data-e-type=\"column\">\n\t\t\t<div class=\"elementor-widget-wrap elementor-element-populated\">\n\t\t\t\t\t\t<div class=\"elementor-element elementor-element-5600533 elementor-widget elementor-widget-synastry_core_section_title\" data-id=\"5600533\" data-element_type=\"widget\" data-e-type=\"widget\" data-widget_type=\"synastry_core_section_title.default\">\n\t\t\t\t<div class=\"elementor-widget-container\">\n\t\t\t\t\t<div class=\"qodef-shortcode qodef-m  qodef-section-title qodef-alignment--left\">\n\t\t<h3 class=\"qodef-m-title\" style=\"color: #CA9D75\">\n\t\t\t\t\tZavolaj mi teraz!\t\t\t<\/h3>\n\t\t<p class=\"qodef-m-subtitle\" style=\"color: #C3BEB6\">Ne\u010dakajte \u2013 pozn\u00e1va\u0165 svoju bud\u00facnos\u0165 u\u017e dnes!<\/p>\n<\/div>\n\t\t\t\t<\/div>\n\t\t\t\t<\/div>\n\t\t\t\t<div class=\"elementor-element elementor-element-17c4c76 elementor-widget elementor-widget-synastry_core_info_section\" data-id=\"17c4c76\" data-element_type=\"widget\" data-e-type=\"widget\" data-widget_type=\"synastry_core_info_section.default\">\n\t\t\t\t<div class=\"elementor-widget-container\">\n\t\t\t\t\t<div class=\"qodef-shortcode qodef-m  qodef-info-section qodef-layout--background-text  qodef-background-text-pos--top-left\">\n\t<div class=\"qodef-m-background-text\">\n\t\t\t<\/div>\n\t<div class=\"qodef-m-info\">\n\t\t\t<h5 class=\"qodef-m-title\" >\n\t\t\ud83c\udde9\ud83c\uddea<br>Nemecko\t<\/h5>\n\t\t\t<p class=\"qodef-m-text\" ><a href=\"tel:003524458265\">0900 300 1159 - len 1,99 EUR\/min.<\/a>\n<a><\/p>\n\t\t\t<\/div>\n<\/div>\n\t\t\t\t<\/div>\n\t\t\t\t<\/div>\n\t\t\t\t<div class=\"elementor-element elementor-element-b7e1033 elementor-widget elementor-widget-synastry_core_info_section\" data-id=\"b7e1033\" data-element_type=\"widget\" data-e-type=\"widget\" data-widget_type=\"synastry_core_info_section.default\">\n\t\t\t\t<div class=\"elementor-widget-container\">\n\t\t\t\t\t<div class=\"qodef-shortcode qodef-m  qodef-info-section qodef-layout--background-text  qodef-background-text-pos--top-left\">\n\t<div class=\"qodef-m-background-text\">\n\t\t\t<\/div>\n\t<div class=\"qodef-m-info\">\n\t\t\t<h5 class=\"qodef-m-title\" >\n\t\t\ud83c\udde6\ud83c\uddf9<br>Rak\u00fasko\t<\/h5>\n\t\t\t<p class=\"qodef-m-text\" ><a href=\"tel:0900404402\">0900 404 402 - len 2,17 EUR\/Min\u00fata<\/a>\n<a><\/p>\n\t\t\t<\/div>\n<\/div>\n\t\t\t\t<\/div>\n\t\t\t\t<\/div>\n\t\t\t\t<div class=\"elementor-element elementor-element-b8eff6c elementor-widget elementor-widget-synastry_core_info_section\" data-id=\"b8eff6c\" data-element_type=\"widget\" data-e-type=\"widget\" data-widget_type=\"synastry_core_info_section.default\">\n\t\t\t\t<div class=\"elementor-widget-container\">\n\t\t\t\t\t<div class=\"qodef-shortcode qodef-m  qodef-info-section qodef-layout--background-text  qodef-background-text-pos--top-left\">\n\t<div class=\"qodef-m-background-text\">\n\t\t\t<\/div>\n\t<div class=\"qodef-m-info\">\n\t\t\t<h5 class=\"qodef-m-title\" >\n\t\t\ud83c\udde8\ud83c\udded<br>\u0160vaj\u010diarsko\t<\/h5>\n\t\t\t<p class=\"qodef-m-text\" ><a href=\"tel:0901901032\">0901 901 032 - len 2.99 sFr\/Min\u00fatu<\/a>\n<a><\/p>\n\t\t\t<\/div>\n<\/div>\n\t\t\t\t<\/div>\n\t\t\t\t<\/div>\n\t\t\t\t<div class=\"elementor-element elementor-element-5497a70 elementor-widget elementor-widget-synastry_core_info_section\" data-id=\"5497a70\" data-element_type=\"widget\" data-e-type=\"widget\" data-widget_type=\"synastry_core_info_section.default\">\n\t\t\t\t<div class=\"elementor-widget-container\">\n\t\t\t\t\t<div class=\"qodef-shortcode qodef-m  qodef-info-section qodef-layout--background-text  qodef-background-text-pos--top-left\">\n\t<div class=\"qodef-m-background-text\">\n\t\t\t<\/div>\n\t<div class=\"qodef-m-info\">\n\t\t\t<h5 class=\"qodef-m-title\" >\n\t\tRezervova\u0165 min\u00faty\t<\/h5>\n\t\t\t<p class=\"qodef-m-text\" >M\u00f4\u017eete rezervova\u0165 s\u00fakromn\u00e9 Wahrsagungs-minute Tarot <a href=\"\/sk\/minuten-buchen\/\">tu!<\/a>\nDostanete jasn\u00e9 odpovede a osobn\u00e9 vedenie.<\/p>\n\t\t\t<\/div>\n<\/div>\n\t\t\t\t<\/div>\n\t\t\t\t<\/div>\n\t\t\t\t\t<\/div>\n\t\t<\/div>\n\t\t\t\t<div class=\"elementor-column elementor-col-50 elementor-top-column elementor-element elementor-element-efa6b7c\" data-id=\"efa6b7c\" data-element_type=\"column\" data-e-type=\"column\" data-settings=\"{&quot;background_background&quot;:&quot;classic&quot;}\">\n\t\t\t<div class=\"elementor-widget-wrap elementor-element-populated\">\n\t\t\t\t\t\t<div class=\"elementor-element elementor-element-562055b elementor-widget__width-initial elementor-widget elementor-widget-synastry_core_single_image\" data-id=\"562055b\" data-element_type=\"widget\" data-e-type=\"widget\" data-widget_type=\"synastry_core_single_image.default\">\n\t\t\t\t<div class=\"elementor-widget-container\">\n\t\t\t\t\t<div class=\"qodef-shortcode qodef-m  qodef-single-image qodef-layout--default\">\n\t\t\t<div class=\"qodef-m-image\">\n\t\t\t\t\t\t\t\t<img fetchpriority=\"high\" decoding=\"async\" width=\"1068\" height=\"1600\" src=\"https:\/\/wahrsager-blaz.com\/wp-content\/uploads\/2025\/03\/WhatsAppova-datoteka-Slika-2024-03-13-ob-13.17.10_c1cf43f2.jpg\" class=\"attachment-full size-full\" alt=\"\" srcset=\"https:\/\/wahrsager-blaz.com\/wp-content\/uploads\/2025\/03\/WhatsAppova-datoteka-Slika-2024-03-13-ob-13.17.10_c1cf43f2.jpg 1068w, https:\/\/wahrsager-blaz.com\/wp-content\/uploads\/2025\/03\/WhatsAppova-datoteka-Slika-2024-03-13-ob-13.17.10_c1cf43f2-200x300.jpg 200w, https:\/\/wahrsager-blaz.com\/wp-content\/uploads\/2025\/03\/WhatsAppova-datoteka-Slika-2024-03-13-ob-13.17.10_c1cf43f2-684x1024.jpg 684w, https:\/\/wahrsager-blaz.com\/wp-content\/uploads\/2025\/03\/WhatsAppova-datoteka-Slika-2024-03-13-ob-13.17.10_c1cf43f2-768x1151.jpg 768w, https:\/\/wahrsager-blaz.com\/wp-content\/uploads\/2025\/03\/WhatsAppova-datoteka-Slika-2024-03-13-ob-13.17.10_c1cf43f2-1025x1536.jpg 1025w, https:\/\/wahrsager-blaz.com\/wp-content\/uploads\/2025\/03\/WhatsAppova-datoteka-Slika-2024-03-13-ob-13.17.10_c1cf43f2-600x899.jpg 600w\" sizes=\"(max-width: 1068px) 100vw, 1068px\" \/>\t\t\t\t\t\t\t<\/div>\n\t<\/div>\n\t\t\t\t<\/div>\n\t\t\t\t<\/div>\n\t\t\t\t\t<\/div>\n\t\t<\/div>\n\t\t\t\t\t<\/div>\n\t\t<\/section>\n\t\t<div class=\"elementor-element elementor-element-6426e2b e-flex e-con-boxed e-con e-parent\" data-id=\"6426e2b\" data-element_type=\"container\" data-e-type=\"container\">\n\t\t\t\t\t<div class=\"e-con-inner\">\n\t\t\t\t<div class=\"elementor-element elementor-element-37678fd elementor-widget-divider--view-line elementor-widget elementor-widget-divider\" data-id=\"37678fd\" data-element_type=\"widget\" data-e-type=\"widget\" data-widget_type=\"divider.default\">\n\t\t\t\t<div class=\"elementor-widget-container\">\n\t\t\t\t\t\t\t<div class=\"elementor-divider\">\n\t\t\t<span class=\"elementor-divider-separator\">\n\t\t\t\t\t\t<\/span>\n\t\t<\/div>\n\t\t\t\t\t\t<\/div>\n\t\t\t\t<\/div>\n\t\t\t\t<div class=\"elementor-element elementor-element-23825a9 elementor-widget elementor-widget-qi_addons_for_elementor_section_title\" data-id=\"23825a9\" data-element_type=\"widget\" data-e-type=\"widget\" data-widget_type=\"qi_addons_for_elementor_section_title.default\">\n\t\t\t\t<div class=\"elementor-widget-container\">\n\t\t\t\t\t<div class=\"qodef-shortcode qodef-m qodef-qi-section-title qodef-decoration--italic qodef-link--underline-draw qodef-subtitle-icon--left\">\n\t\t\t\t\t\t<h2 class=\"qodef-m-title\">\n\t\tKONTAKT\t<\/h2>\n\t\t\t<div class=\"qodef-m-text\"><p>Na \u0161peci\u00e1lne ponuky alebo ot\u00e1zky, pros\u00edm, kontaktujte ma na: <strong><a class=\"cursor-pointer\" rel=\"noopener\">info@wahrsager-blaz.com<\/a><\/strong><\/p><\/div>\n\t<\/div>\n\t\t\t\t<\/div>\n\t\t\t\t<\/div>\n\t\t\t\t<div class=\"elementor-element elementor-element-429bf20 elementor-widget elementor-widget-spacer\" data-id=\"429bf20\" data-element_type=\"widget\" data-e-type=\"widget\" data-widget_type=\"spacer.default\">\n\t\t\t\t<div class=\"elementor-widget-container\">\n\t\t\t\t\t\t\t<div class=\"elementor-spacer\">\n\t\t\t<div class=\"elementor-spacer-inner\"><\/div>\n\t\t<\/div>\n\t\t\t\t\t\t<\/div>\n\t\t\t\t<\/div>\n\t\t\t\t\t<\/div>\n\t\t\t\t<\/div>\n\t\t\t\t<\/div>","protected":false},"excerpt":{"rendered":"<p>Rufen Sie mich jetzt an! Warten Sie nicht \u2013 entdecken Sie Ihre Zukunft heute! \ud83c\udde9\ud83c\uddeaDeutschland 0900 300 1159 &#8211; nur 1,99 EUR\/Minute \ud83c\udde6\ud83c\uddf9\u00d6sterreich 0900 404 402 &#8211; nur 2,17 EUR\/Minute \ud83c\udde8\ud83c\uddedSchweiz 0901 901 032 &#8211; nur 2.99 sFr\/Minute Minuten buchen Buchen Sie private Wahrsagungs-Minuten mit Tarot \u2014 hier! Erhalten Sie klare Antworten und pers\u00f6nliche F\u00fchrung. [&hellip;]<\/p>\n","protected":false},"author":1,"featured_media":0,"parent":0,"menu_order":0,"comment_status":"closed","ping_status":"closed","template":"page-full-width.php","meta":{"footnotes":""},"class_list":["post-10125","page","type-page","status-publish","hentry"],"aioseo_notices":[],"_links":{"self":[{"href":"https:\/\/wahrsager-blaz.com\/sk\/wp-json\/wp\/v2\/pages\/10125","targetHints":{"allow":["GET"]}}],"collection":[{"href":"https:\/\/wahrsager-blaz.com\/sk\/wp-json\/wp\/v2\/pages"}],"about":[{"href":"https:\/\/wahrsager-blaz.com\/sk\/wp-json\/wp\/v2\/types\/page"}],"author":[{"embeddable":true,"href":"https:\/\/wahrsager-blaz.com\/sk\/wp-json\/wp\/v2\/users\/1"}],"replies":[{"embeddable":true,"href":"https:\/\/wahrsager-blaz.com\/sk\/wp-json\/wp\/v2\/comments?post=10125"}],"version-history":[{"count":25,"href":"https:\/\/wahrsager-blaz.com\/sk\/wp-json\/wp\/v2\/pages\/10125\/revisions"}],"predecessor-version":[{"id":10366,"href":"https:\/\/wahrsager-blaz.com\/sk\/wp-json\/wp\/v2\/pages\/10125\/revisions\/10366"}],"wp:attachment":[{"href":"https:\/\/wahrsager-blaz.com\/sk\/wp-json\/wp\/v2\/media?parent=10125"}],"curies":[{"name":"wp","href":"https:\/\/api.w.org\/{rel}","templated":true}]}}